{"id":95,"date":"2019-08-01T02:46:57","date_gmt":"2019-08-01T00:46:57","guid":{"rendered":"https:\/\/demotienda.estiloarte.com\/?post_type=product&#038;p=95"},"modified":"2019-08-06T00:49:42","modified_gmt":"2019-08-05T22:49:42","slug":"sillas-patchwork","status":"publish","type":"product","link":"https:\/\/estiloarte.com\/demotienda2\/producto\/sillas-patchwork\/","title":{"rendered":"Sillas Patchwork"},"content":{"rendered":"<p>Esta combinaci\u00f3n de gran calidad tiene un efecto sobrio y aporta a la silla una exclusiva \u00f3ptica de modernidad, ya sea como silla de hogar, en una zona de recepci\u00f3n o en la habitaci\u00f3n de un hotel. Tapizada \u00edntegramente con tela en Patchwork, esta versi\u00f3n ofrece una variedad del modelo original, que no s\u00f3lo hace que sea funcional sino un atractivo de decoraci\u00f3n.<\/p>\n<p>Tapizada \u00edntegramente con tela de motivos estilo A\u00e9reos Ingleses, esta versi\u00f3n ofrece una variedad del modelo original que no s\u00f3lo hace que sea funcional, sino un atractivo de decoraci\u00f3n.<\/p>\n","protected":false},"excerpt":{"rendered":"<p>Tapizada \u00edntegramente con tela de motivos estilo A\u00e9reos Ingleses, esta versi\u00f3n ofrece una variedad del modelo original que no s\u00f3lo hace que sea funcional, sino un atractivo de decoraci\u00f3n.<\/p>\n","protected":false},"featured_media":102,"template":"","meta":{"ocean_post_layout":"","ocean_both_sidebars_style":"","ocean_both_sidebars_content_width":0,"ocean_both_sidebars_sidebars_width":0,"ocean_sidebar":"0","ocean_second_sidebar":"0","ocean_disable_margins":"enable","ocean_add_body_class":"","ocean_shortcode_before_top_bar":"","ocean_shortcode_after_top_bar":"","ocean_shortcode_before_header":"","ocean_shortcode_after_header":"","ocean_has_shortcode":"","ocean_shortcode_after_title":"","ocean_shortcode_before_footer_widgets":"","ocean_shortcode_after_footer_widgets":"","ocean_shortcode_before_footer_bottom":"","ocean_shortcode_after_footer_bottom":"","ocean_display_top_bar":"default","ocean_display_header":"default","ocean_header_style":"","ocean_center_header_left_menu":"0","ocean_custom_header_template":"0","ocean_custom_logo":0,"ocean_custom_retina_logo":0,"ocean_custom_logo_max_width":0,"ocean_custom_logo_tablet_max_width":0,"ocean_custom_logo_mobile_max_width":0,"ocean_custom_logo_max_height":0,"ocean_custom_logo_tablet_max_height":0,"ocean_custom_logo_mobile_max_height":0,"ocean_header_custom_menu":"0","ocean_menu_typo_font_family":"0","ocean_menu_typo_font_subset":"","ocean_menu_typo_font_size":0,"ocean_menu_typo_font_size_tablet":0,"ocean_menu_typo_font_size_mobile":0,"ocean_menu_typo_font_size_unit":"px","ocean_menu_typo_font_weight":"","ocean_menu_typo_font_weight_tablet":"","ocean_menu_typo_font_weight_mobile":"","ocean_menu_typo_transform":"","ocean_menu_typo_transform_tablet":"","ocean_menu_typo_transform_mobile":"","ocean_menu_typo_line_height":0,"ocean_menu_typo_line_height_tablet":0,"ocean_menu_typo_line_height_mobile":0,"ocean_menu_typo_line_height_unit":"","ocean_menu_typo_spacing":0,"ocean_menu_typo_spacing_tablet":0,"ocean_menu_typo_spacing_mobile":0,"ocean_menu_typo_spacing_unit":"","ocean_menu_link_color":"","ocean_menu_link_color_hover":"","ocean_menu_link_color_active":"","ocean_menu_link_background":"","ocean_menu_link_hover_background":"","ocean_menu_link_active_background":"","ocean_menu_social_links_bg":"","ocean_menu_social_hover_links_bg":"","ocean_menu_social_links_color":"","ocean_menu_social_hover_links_color":"","ocean_disable_title":"default","ocean_disable_heading":"default","ocean_post_title":"","ocean_post_subheading":"","ocean_post_title_style":"","ocean_post_title_background_color":"","ocean_post_title_background":0,"ocean_post_title_bg_image_position":"","ocean_post_title_bg_image_attachment":"","ocean_post_title_bg_image_repeat":"","ocean_post_title_bg_image_size":"","ocean_post_title_height":0,"ocean_post_title_bg_overlay":0.5,"ocean_post_title_bg_overlay_color":"","ocean_disable_breadcrumbs":"default","ocean_breadcrumbs_color":"","ocean_breadcrumbs_separator_color":"","ocean_breadcrumbs_links_color":"","ocean_breadcrumbs_links_hover_color":"","ocean_display_footer_widgets":"default","ocean_display_footer_bottom":"default","ocean_custom_footer_template":"0"},"product_brand":[],"product_cat":[23],"product_tag":[29],"class_list":{"0":"post-95","1":"product","2":"type-product","3":"status-publish","4":"has-post-thumbnail","6":"product_cat-sillas","7":"product_tag-patchwork","9":"entry","10":"has-media","12":"first","13":"instock","14":"sale","15":"featured","16":"shipping-taxable","17":"purchasable","18":"product-type-simple","19":"has-product-nav","20":"col","21":"span_1_of_3","22":"owp-content-center","23":"owp-thumbs-layout-horizontal","24":"owp-btn-normal","25":"owp-tabs-layout-horizontal"},"_links":{"self":[{"href":"https:\/\/estiloarte.com\/demotienda2\/wp-json\/wp\/v2\/product\/95","targetHints":{"allow":["GET"]}}],"collection":[{"href":"https:\/\/estiloarte.com\/demotienda2\/wp-json\/wp\/v2\/product"}],"about":[{"href":"https:\/\/estiloarte.com\/demotienda2\/wp-json\/wp\/v2\/types\/product"}],"wp:featuredmedia":[{"embeddable":true,"href":"https:\/\/estiloarte.com\/demotienda2\/wp-json\/wp\/v2\/media\/102"}],"wp:attachment":[{"href":"https:\/\/estiloarte.com\/demotienda2\/wp-json\/wp\/v2\/media?parent=95"}],"wp:term":[{"taxonomy":"product_brand","embeddable":true,"href":"https:\/\/estiloarte.com\/demotienda2\/wp-json\/wp\/v2\/product_brand?post=95"},{"taxonomy":"product_cat","embeddable":true,"href":"https:\/\/estiloarte.com\/demotienda2\/wp-json\/wp\/v2\/product_cat?post=95"},{"taxonomy":"product_tag","embeddable":true,"href":"https:\/\/estiloarte.com\/demotienda2\/wp-json\/wp\/v2\/product_tag?post=95"}],"curies":[{"name":"wp","href":"https:\/\/api.w.org\/{rel}","templated":true}]}}